{"id":1497,"date":"2024-03-19T21:49:06","date_gmt":"2024-03-08T04:04:37","guid":{"rendered":"https:\/\/aquaforte.mx\/?page_id=1497"},"modified":"2024-03-19T21:49:06","modified_gmt":"2024-03-20T03:49:06","slug":"politica-privacidad","status":"publish","type":"page","link":"https:\/\/aquaforte.mx\/sandbox\/politica-privacidad\/","title":{"rendered":"Pol\u00edtica de privacidad"},"content":{"rendered":"\t\t<div data-elementor-type=\"wp-page\" data-elementor-id=\"1497\" class=\"elementor elementor-1497\" data-elementor-post-type=\"page\">\n\t\t\t\t\t\t<section class=\"elementor-section elementor-top-section elementor-element elementor-element-30fa500e elementor-section-boxed elementor-section-height-default elementor-section-height-default\" data-id=\"30fa500e\" data-element_type=\"section\">\n\t\t\t\t\t\t<div class=\"elementor-container elementor-column-gap-default\">\n\t\t\t\t\t<div class=\"elementor-column elementor-col-100 elementor-top-column elementor-element elementor-element-7a081d4b\" data-id=\"7a081d4b\" data-element_type=\"column\">\n\t\t\t<div class=\"elementor-widget-wrap elementor-element-populated\">\n\t\t\t\t\t\t<div class=\"elementor-element elementor-element-6a512748 elementor-widget elementor-widget-heading\" data-id=\"6a512748\" data-element_type=\"widget\" data-widget_type=\"heading.default\">\n\t\t\t\t<div class=\"elementor-widget-container\">\n\t\t\t\t\t<h2 class=\"elementor-heading-title elementor-size-default\">POL\u00cdTICA DE PRIVACIDAD<\/h2>\t\t\t\t<\/div>\n\t\t\t\t<\/div>\n\t\t\t\t<div class=\"elementor-element elementor-element-7c0a413b elementor-widget-divider--view-line elementor-invisible elementor-widget elementor-widget-divider\" data-id=\"7c0a413b\" data-element_type=\"widget\" data-settings=\"{&quot;_animation&quot;:&quot;slideInRight&quot;,&quot;_animation_delay&quot;:450}\" data-widget_type=\"divider.default\">\n\t\t\t\t<div class=\"elementor-widget-container\">\n\t\t\t\t\t\t\t<div class=\"elementor-divider\">\n\t\t\t<span class=\"elementor-divider-separator\">\n\t\t\t\t\t\t<\/span>\n\t\t<\/div>\n\t\t\t\t\t\t<\/div>\n\t\t\t\t<\/div>\n\t\t\t\t<div class=\"elementor-element elementor-element-a369470 animated-slow elementor-invisible elementor-widget elementor-widget-text-editor\" data-id=\"a369470\" data-element_type=\"widget\" data-settings=\"{&quot;_animation&quot;:&quot;slideInRight&quot;,&quot;_animation_delay&quot;:650}\" data-widget_type=\"text-editor.default\">\n\t\t\t\t<div class=\"elementor-widget-container\">\n\t\t\t\t\t\t\t\t\t\n<p class=\"has-text-color\" style=\"color: #414040;\">Se le informa al usuario que con fundamento en los art\u00edculos 15 y 16 de la Ley Federal de Protecci\u00f3n de Datos Personales en Posesi\u00f3n de Particulares hacemos de su conocimiento que en Aquaforte\u00ae, con domicilio fiscal en Calle Prolongaci\u00f3n Tamaulipas n\u00famero 504, Colonia Independencia, C\u00f3digo Postal 64720 en Monterrey, Nuevo Le\u00f3n, M\u00e9xico es responsable de recabar sus datos personales, del uso que se le d\u00e9 a los mismos y de su protecci\u00f3n. En Aquaforte\u00ae nunca comprometeremos su privacidad ni compartiremos su informaci\u00f3n personal sin antes comunic\u00e1rselo y recibir su autorizaci\u00f3n.<\/p>\n\n<p class=\"has-text-color\" style=\"color: #414040;\">Su informaci\u00f3n personal ser\u00e1 utilizada para las siguientes finalidades: grabaci\u00f3n de llamadas para fines de calidad del servicio, proveer los productos que ha solicitado; notificarle sobre nuevos productos que tengan relaci\u00f3n; elaborar estudios y programas que son necesarios para determinar h\u00e1bitos de consumo; realizar evaluaciones peri\u00f3dicas de nuestros productos a efecto de mejorar la calidad de los mismos; evaluar la calidad del servicio que brindamos, y en general, para dar cumplimiento a las obligaciones que hemos contra\u00eddo con usted.<\/p>\n\n<p class=\"has-text-color\" style=\"color: #414040;\">Dichos datos podr\u00edan ser recabados en forma directa desde nuestro sitio web, v\u00eda <a>telef\u00f3nica<\/a>, a trav\u00e9s de nuestras redes sociales o a trav\u00e9s de nuestra plataforma de facturaci\u00f3n v\u00eda web.<\/p>\n\n<p class=\"has-text-color\" style=\"color: #414040;\">Es importante informarle que usted tiene derecho al Acceso, Rectificaci\u00f3n y Cancelaci\u00f3n de sus datos personales, a Oponerse al tratamiento de los mismos o a revocar el consentimiento que para dicho fin nos haya otorgado.<\/p>\n\n<p class=\"has-text-color\" style=\"color: #414040;\">Para ello, es necesario que env\u00ede la solicitud en los t\u00e9rminos que marca la Ley Federal de Protecci\u00f3n de Datos Personales en Posesi\u00f3n de Particulares en su Art\u00edculo 29 a nuestro Departamento Responsable ubicado en Calle Prolongaci\u00f3n Tamaulipas n\u00famero 504, Colonia Independencia, C\u00f3digo Postal 64720 en Monterrey, Nuevo Le\u00f3n, o bien, se comunique al tel\u00e9fono 81 35 41 49 84 o v\u00eda correo electr\u00f3nico a\u00a0<strong>administracion@aquaforte.mx<\/strong><\/p>\n\n<p class=\"has-text-color\" style=\"color: #414040;\">Es importante mencionar que Aquaforte\u00ae no realiza transferencias de Datos Personales, salvo aquellas previstas en el art\u00edculo 37 de la Ley Federal de Protecci\u00f3n de Datos Personales en Posesi\u00f3n de los Particulares.<\/p>\n\n<p class=\"has-text-color\" style=\"color: #414040;\">En caso de que no desee de recibir mensajes promocionales de nuestra parte, puede enviarnos su solicitud por medio a la siguiente direcci\u00f3n electr\u00f3nica:\u00a0<strong>administracion@aquaforte.mx<\/strong><\/p>\n\n<p class=\"has-text-color\" style=\"color: #414040;\">Importante: Cualquier modificaci\u00f3n a este Aviso de Privacidad podr\u00e1 consultarlo en\u00a0<strong><u>https:\/\/aquaforte.mx\/<\/u><\/strong><\/p>\n\n<p class=\"has-text-color\" style=\"color: #414040;\"><strong>Aviso de manejo de cookies<\/strong><\/p>\n\n<p class=\"has-text-color\" style=\"color: #414040;\">Una<strong>\u00a0<em>cookie<\/em><\/strong>\u00a0es un peque\u00f1o archivo de texto que es instalado en su dispositivo por la p\u00e1gina de internet que usted visita; posteriormente, esta\u00a0<em>cookie<\/em>\u00a0es enviada a los sitios web a los que accede, para recordar sus preferencias de usuario.<\/p>\n\n<p class=\"has-text-color\" style=\"color: #414040;\">Las\u00a0<em>cookies<\/em>\u00a0son utilizadas para hacer que un sitio web funcione, o funcione de una manera m\u00e1s eficiente, as\u00ed como para proporcionar informaci\u00f3n a los propietarios del mismo.<\/p>\n\n<p class=\"has-text-color\" style=\"color: #414040;\">Esta informaci\u00f3n podr\u00e1 ser utilizada para brindarle un servicio m\u00e1s personalizado y acorde con sus necesidades. Las\u00a0<em>cookies<\/em>\u00a0pueden ser\u00a0<strong><em>cookies<\/em>\u00a0de origen<\/strong>\u00a0(aquellas establecidas por nosotros directamente en su dispositivo), o\u00a0<strong><em>cookies<\/em>\u00a0de terceros<\/strong>\u00a0(aquellas establecidas por un proveedor externo en nuestro nombre). Cada vez que utilice nuestro sitio web, esta informaci\u00f3n podr\u00e1 recopilarse mediante el\u00a0<strong>uso de\u00a0<em>cookies<\/em><\/strong>, as\u00ed como de otras tecnolog\u00edas.<\/p>\n\n<p class=\"has-text-color\" style=\"color: #414040;\">Cuando se acceda a nuestro sitio web, se instalar\u00e1n varias cookies para guardar la informaci\u00f3n de acceso y las opciones de visualizaci\u00f3n de pantalla. Las cookies de acceso tendr\u00e1n una duraci\u00f3n de dos d\u00edas, y las cookies de opciones de pantalla permanecer\u00e1n guardadas un a\u00f1o.<\/p>\n<hr class=\"wp-block-separator has-alpha-channel-opacity\" \/>\n<p>\u00a0<\/p>\n\n<p>\u00a0<\/p>\n\t\t\t\t\t\t\t\t<\/div>\n\t\t\t\t<\/div>\n\t\t\t\t\t<\/div>\n\t\t<\/div>\n\t\t\t\t\t<\/div>\n\t\t<\/section>\n\t\t\t\t<\/div>\n\t\t","protected":false},"excerpt":{"rendered":"<p>POL\u00cdTICA DE PRIVACIDAD Se le informa al usuario que con fundamento en los art\u00edculos 15 y 16 de la Ley Federal de Protecci\u00f3n de Datos Personales en Posesi\u00f3n de Particulares hacemos de su conocimiento que en Aquaforte\u00ae, con domicilio fiscal en Calle Prolongaci\u00f3n Tamaulipas n\u00famero 504, Colonia Independencia, C\u00f3digo Postal 64720 en Monterrey, Nuevo Le\u00f3n, [&hellip;]<\/p>\n","protected":false},"author":1,"featured_media":0,"parent":0,"menu_order":0,"comment_status":"closed","ping_status":"closed","template":"","meta":{"footnotes":""},"class_list":["post-1497","page","type-page","status-publish","hentry"],"_links":{"self":[{"href":"https:\/\/aquaforte.mx\/sandbox\/wp-json\/wp\/v2\/pages\/1497","targetHints":{"allow":["GET"]}}],"collection":[{"href":"https:\/\/aquaforte.mx\/sandbox\/wp-json\/wp\/v2\/pages"}],"about":[{"href":"https:\/\/aquaforte.mx\/sandbox\/wp-json\/wp\/v2\/types\/page"}],"author":[{"embeddable":true,"href":"https:\/\/aquaforte.mx\/sandbox\/wp-json\/wp\/v2\/users\/1"}],"replies":[{"embeddable":true,"href":"https:\/\/aquaforte.mx\/sandbox\/wp-json\/wp\/v2\/comments?post=1497"}],"version-history":[{"count":6,"href":"https:\/\/aquaforte.mx\/sandbox\/wp-json\/wp\/v2\/pages\/1497\/revisions"}],"predecessor-version":[{"id":2088,"href":"https:\/\/aquaforte.mx\/sandbox\/wp-json\/wp\/v2\/pages\/1497\/revisions\/2088"}],"wp:attachment":[{"href":"https:\/\/aquaforte.mx\/sandbox\/wp-json\/wp\/v2\/media?parent=1497"}],"curies":[{"name":"wp","href":"https:\/\/api.w.org\/{rel}","templated":true}]}}